{"id":1707,"date":"2022-10-10T08:57:15","date_gmt":"2022-10-10T11:57:15","guid":{"rendered":"https:\/\/afa.com.br\/?page_id=1707"},"modified":"2023-03-23T08:25:13","modified_gmt":"2023-03-23T11:25:13","slug":"politica-de-privacidade-e-gdpr","status":"publish","type":"page","link":"https:\/\/afa.com.br\/pt_br\/politica-de-privacidade-e-gdpr\/","title":{"rendered":"Pol\u00edtica de Privacidade e GDPR"},"content":{"rendered":"\t\t<div data-elementor-type=\"wp-page\" data-elementor-id=\"1707\" class=\"elementor elementor-1707\" data-elementor-post-type=\"page\">\n\t\t\t\t\t\t<section class=\"elementor-section elementor-top-section elementor-element elementor-element-304611fb elementor-section-boxed elementor-section-height-default elementor-section-height-default\" data-id=\"304611fb\" data-element_type=\"section\" data-settings=\"{&quot;background_background&quot;:&quot;classic&quot;,&quot;shape_divider_bottom&quot;:&quot;split&quot;}\">\n\t\t\t\t\t\t\t<div class=\"elementor-background-overlay\"><\/div>\n\t\t\t\t\t\t<div class=\"elementor-shape elementor-shape-bottom\" data-negative=\"false\">\n\t\t\t<svg xmlns=\"http:\/\/www.w3.org\/2000\/svg\" viewBox=\"0 0 1000 20\" preserveAspectRatio=\"none\">\n\t<path class=\"elementor-shape-fill\" d=\"M0,0v3c0,0,393.8,0,483.4,0c9.2,0,16.6,7.4,16.6,16.6c0-9.1,7.4-16.6,16.6-16.6C606.2,3,1000,3,1000,3V0H0z\"\/>\n<\/svg>\t\t<\/div>\n\t\t\t\t\t<div class=\"elementor-container elementor-column-gap-default\">\n\t\t\t\t\t<div class=\"elementor-column elementor-col-50 elementor-top-column elementor-element elementor-element-780ab42e\" data-id=\"780ab42e\" data-element_type=\"column\">\n\t\t\t<div class=\"elementor-widget-wrap elementor-element-populated\">\n\t\t\t\t\t\t<div class=\"elementor-element elementor-element-4c2f362c elementor-widget__width-auto elementor-absolute elementor-widget-mobile__width-initial elementor-widget elementor-widget-image\" data-id=\"4c2f362c\" data-element_type=\"widget\" data-settings=\"{&quot;_position&quot;:&quot;absolute&quot;}\" data-widget_type=\"image.default\">\n\t\t\t\t<div class=\"elementor-widget-container\">\n\t\t\t\t\t\t\t\t\t\t\t\t\t<img decoding=\"async\" width=\"200\" height=\"200\" src=\"https:\/\/afa.com.br\/wp-content\/uploads\/2022\/06\/image-section-06-min.png\" class=\"attachment-full size-full wp-image-44\" alt=\"\" srcset=\"https:\/\/afa.com.br\/wp-content\/uploads\/2022\/06\/image-section-06-min.png 200w, https:\/\/afa.com.br\/wp-content\/uploads\/2022\/06\/image-section-06-min-150x150.png 150w, https:\/\/afa.com.br\/wp-content\/uploads\/2022\/06\/elementor\/thumbs\/image-section-06-min-pqphv29yvuqu79tewsqp0tyiokltj95jaobcp28cgw.png 80w\" sizes=\"(max-width: 200px) 100vw, 200px\" \/>\t\t\t\t\t\t\t\t\t\t\t\t\t<\/div>\n\t\t\t\t<\/div>\n\t\t\t\t<div class=\"elementor-element elementor-element-8adc13e elementor-invisible elementor-widget elementor-widget-heading\" data-id=\"8adc13e\" data-element_type=\"widget\" data-settings=\"{&quot;_animation&quot;:&quot;fadeInUp&quot;}\" data-widget_type=\"heading.default\">\n\t\t\t\t<div class=\"elementor-widget-container\">\n\t\t\t<h1 class=\"elementor-heading-title elementor-size-default\">Pol\u00edtica de Privacidade<\/h1>\t\t<\/div>\n\t\t\t\t<\/div>\n\t\t\t\t\t<\/div>\n\t\t<\/div>\n\t\t\t\t<div class=\"elementor-column elementor-col-50 elementor-top-column elementor-element elementor-element-11bce890\" data-id=\"11bce890\" data-element_type=\"column\">\n\t\t\t<div class=\"elementor-widget-wrap elementor-element-populated\">\n\t\t\t\t\t\t<div class=\"elementor-element elementor-element-5d47f08b elementor-position-right elementor-vertical-align-middle elementor-view-stacked elementor-shape-circle elementor-mobile-position-top elementor-widget elementor-widget-icon-box\" data-id=\"5d47f08b\" data-element_type=\"widget\" data-widget_type=\"icon-box.default\">\n\t\t\t\t<div class=\"elementor-widget-container\">\n\t\t\t\t\t<div class=\"elementor-icon-box-wrapper\">\n\n\t\t\t\t\t\t<div class=\"elementor-icon-box-icon\">\n\t\t\t\t<a href=\"tel:551142214466\" class=\"elementor-icon elementor-animation-grow\" tabindex=\"-1\">\n\t\t\t\t<svg aria-hidden=\"true\" class=\"e-font-icon-svg e-fab-whatsapp\" viewBox=\"0 0 448 512\" xmlns=\"http:\/\/www.w3.org\/2000\/svg\"><path d=\"M380.9 97.1C339 55.1 283.2 32 223.9 32c-122.4 0-222 99.6-222 222 0 39.1 10.2 77.3 29.6 111L0 480l117.7-30.9c32.4 17.7 68.9 27 106.1 27h.1c122.3 0 224.1-99.6 224.1-222 0-59.3-25.2-115-67.1-157zm-157 341.6c-33.2 0-65.7-8.9-94-25.7l-6.7-4-69.8 18.3L72 359.2l-4.4-7c-18.5-29.4-28.2-63.3-28.2-98.2 0-101.7 82.8-184.5 184.6-184.5 49.3 0 95.6 19.2 130.4 54.1 34.8 34.9 56.2 81.2 56.1 130.5 0 101.8-84.9 184.6-186.6 184.6zm101.2-138.2c-5.5-2.8-32.8-16.2-37.9-18-5.1-1.9-8.8-2.8-12.5 2.8-3.7 5.6-14.3 18-17.6 21.8-3.2 3.7-6.5 4.2-12 1.4-32.6-16.3-54-29.1-75.5-66-5.7-9.8 5.7-9.1 16.3-30.3 1.8-3.7.9-6.9-.5-9.7-1.4-2.8-12.5-30.1-17.1-41.2-4.5-10.8-9.1-9.3-12.5-9.5-3.2-.2-6.9-.2-10.6-.2-3.7 0-9.7 1.4-14.8 6.9-5.1 5.6-19.4 19-19.4 46.3 0 27.3 19.9 53.7 22.6 57.4 2.8 3.7 39.1 59.7 94.8 83.8 35.2 15.2 49 16.5 66.6 13.9 10.7-1.6 32.8-13.4 37.4-26.4 4.6-13 4.6-24.1 3.2-26.4-1.3-2.5-5-3.9-10.5-6.6z\"><\/path><\/svg>\t\t\t\t<\/a>\n\t\t\t<\/div>\n\t\t\t\n\t\t\t\t\t\t<div class=\"elementor-icon-box-content\">\n\n\t\t\t\t\t\t\t\t\t<h3 class=\"elementor-icon-box-title\">\n\t\t\t\t\t\t<a href=\"tel:551142214466\" >\n\t\t\t\t\t\t\tLigue !\t\t\t\t\t\t<\/a>\n\t\t\t\t\t<\/h3>\n\t\t\t\t\n\t\t\t\t\t\t\t\t\t<p class=\"elementor-icon-box-description\">\n\t\t\t\t\t\t<span style=\"white-space: normal;\">(11) 4221-4466<\/span>\t\t\t\t\t<\/p>\n\t\t\t\t\n\t\t\t<\/div>\n\t\t\t\n\t\t<\/div>\n\t\t\t\t<\/div>\n\t\t\t\t<\/div>\n\t\t\t\t<div class=\"elementor-element elementor-element-70452858 elementor-widget__width-auto elementor-absolute elementor-hidden-phone elementor-widget-divider--separator-type-pattern elementor-widget-divider--no-spacing elementor-widget-divider--view-line elementor-widget elementor-widget-divider\" data-id=\"70452858\" data-element_type=\"widget\" data-settings=\"{&quot;_position&quot;:&quot;absolute&quot;}\" data-widget_type=\"divider.default\">\n\t\t\t\t<div class=\"elementor-widget-container\">\n\t\t\t\t\t<div class=\"elementor-divider\" style=\"--divider-pattern-url: url(&quot;data:image\/svg+xml,%3Csvg xmlns=&#039;http:\/\/www.w3.org\/2000\/svg&#039; preserveAspectRatio=&#039;xMidYMid meet&#039; overflow=&#039;visible&#039; height=&#039;100%&#039; viewBox=&#039;0 0 120 26&#039; fill=&#039;black&#039; stroke=&#039;none&#039;%3E%3Cpolygon points=&#039;0,14.4 0,21 11.5,12.4 21.3,20 30.4,11.1 40.3,20 51,12.4 60.6,20 69.6,11.1 79.3,20 90.1,12.4 99.6,20 109.7,11.1 120,21 120,14.4 109.7,5 99.6,13 90.1,5 79.3,14.5 71,5.7 60.6,12.4 51,5 40.3,14.5 31.1,5 21.3,13 11.5,5 \t&#039;\/%3E%3C\/svg%3E&quot;);\">\n\t\t\t<span class=\"elementor-divider-separator\">\n\t\t\t\t\t\t<\/span>\n\t\t<\/div>\n\t\t\t\t<\/div>\n\t\t\t\t<\/div>\n\t\t\t\t<div class=\"elementor-element elementor-element-381f01bb elementor-widget__width-initial elementor-absolute elementor-widget elementor-widget-spacer\" data-id=\"381f01bb\" data-element_type=\"widget\" data-settings=\"{&quot;_position&quot;:&quot;absolute&quot;}\" data-widget_type=\"spacer.default\">\n\t\t\t\t<div class=\"elementor-widget-container\">\n\t\t\t\t\t<div class=\"elementor-spacer\">\n\t\t\t<div class=\"elementor-spacer-inner\"><\/div>\n\t\t<\/div>\n\t\t\t\t<\/div>\n\t\t\t\t<\/div>\n\t\t\t\t<div class=\"elementor-element elementor-element-75ee7cd9 elementor-widget__width-initial elementor-absolute elementor-widget elementor-widget-spacer\" data-id=\"75ee7cd9\" data-element_type=\"widget\" data-settings=\"{&quot;_position&quot;:&quot;absolute&quot;}\" data-widget_type=\"spacer.default\">\n\t\t\t\t<div class=\"elementor-widget-container\">\n\t\t\t\t\t<div class=\"elementor-spacer\">\n\t\t\t<div class=\"elementor-spacer-inner\"><\/div>\n\t\t<\/div>\n\t\t\t\t<\/div>\n\t\t\t\t<\/div>\n\t\t\t\t<div class=\"elementor-element elementor-element-2cfd4cc2 elementor-widget__width-auto elementor-absolute elementor-widget-mobile__width-initial elementor-widget elementor-widget-image\" data-id=\"2cfd4cc2\" data-element_type=\"widget\" data-settings=\"{&quot;_position&quot;:&quot;absolute&quot;}\" data-widget_type=\"image.default\">\n\t\t\t\t<div class=\"elementor-widget-container\">\n\t\t\t\t\t\t\t\t\t\t\t\t\t<img decoding=\"async\" width=\"200\" height=\"200\" src=\"https:\/\/afa.com.br\/wp-content\/uploads\/2022\/06\/image-section-06-min.png\" class=\"attachment-full size-full wp-image-44\" alt=\"\" srcset=\"https:\/\/afa.com.br\/wp-content\/uploads\/2022\/06\/image-section-06-min.png 200w, https:\/\/afa.com.br\/wp-content\/uploads\/2022\/06\/image-section-06-min-150x150.png 150w, https:\/\/afa.com.br\/wp-content\/uploads\/2022\/06\/elementor\/thumbs\/image-section-06-min-pqphv29yvuqu79tewsqp0tyiokltj95jaobcp28cgw.png 80w\" sizes=\"(max-width: 200px) 100vw, 200px\" \/>\t\t\t\t\t\t\t\t\t\t\t\t\t<\/div>\n\t\t\t\t<\/div>\n\t\t\t\t\t<\/div>\n\t\t<\/div>\n\t\t\t\t\t<\/div>\n\t\t<\/section>\n\t\t\t\t<section class=\"elementor-section elementor-top-section elementor-element elementor-element-47e25cc7 elementor-section-boxed elementor-section-height-default elementor-section-height-default\" data-id=\"47e25cc7\" data-element_type=\"section\">\n\t\t\t\t\t\t<div class=\"elementor-container elementor-column-gap-default\">\n\t\t\t\t\t<div class=\"elementor-column elementor-col-100 elementor-top-column elementor-element elementor-element-976718e\" data-id=\"976718e\" data-element_type=\"column\">\n\t\t\t<div class=\"elementor-widget-wrap elementor-element-populated\">\n\t\t\t\t\t\t<div class=\"elementor-element elementor-element-4228175 elementor-widget elementor-widget-heading\" data-id=\"4228175\" data-element_type=\"widget\" data-widget_type=\"heading.default\">\n\t\t\t\t<div class=\"elementor-widget-container\">\n\t\t\t<h2 class=\"elementor-heading-title elementor-size-default\">Pol\u00edtica de Privacidade &amp; GDPR<\/h2>\t\t<\/div>\n\t\t\t\t<\/div>\n\t\t\t\t<div class=\"elementor-element elementor-element-3345932 elementor-widget elementor-widget-text-editor\" data-id=\"3345932\" data-element_type=\"widget\" data-widget_type=\"text-editor.default\">\n\t\t\t\t<div class=\"elementor-widget-container\">\n\t\t\t\t\t\t\t<p>Esta pol\u00edtica de privacidade estabelece como a AFA Pl\u00e1sticos usa e protege qualquer informa\u00e7\u00e3o que voc\u00ea atribua \u00e0 AFA quando voc\u00ea usa este site.<\/p>\t\t\t\t\t\t<\/div>\n\t\t\t\t<\/div>\n\t\t\t\t<section class=\"elementor-section elementor-inner-section elementor-element elementor-element-ef59b0a elementor-section-boxed elementor-section-height-default elementor-section-height-default\" data-id=\"ef59b0a\" data-element_type=\"section\">\n\t\t\t\t\t\t<div class=\"elementor-container elementor-column-gap-default\">\n\t\t\t\t\t<div class=\"elementor-column elementor-col-100 elementor-inner-column elementor-element elementor-element-22158b7\" data-id=\"22158b7\" data-element_type=\"column\">\n\t\t\t<div class=\"elementor-widget-wrap elementor-element-populated\">\n\t\t\t\t\t\t<div class=\"elementor-element elementor-element-68d647a elementor-widget elementor-widget-text-editor\" data-id=\"68d647a\" data-element_type=\"widget\" data-widget_type=\"text-editor.default\">\n\t\t\t\t<div class=\"elementor-widget-container\">\n\t\t\t\t\t\t\t<p>A AFA Pl\u00e1sticos est\u00e1 comprometida em garantir que sua privacidade seja protegida de acordo com a recente mudan\u00e7a na legisla\u00e7\u00e3o associada ao Regulamento Geral de Prote\u00e7\u00e3o de Dados.<\/p><p>Devemos solicitar que voc\u00ea forne\u00e7a certas informa\u00e7\u00f5es atrav\u00e9s das quais voc\u00ea pode ser identificado ao usar este site; Voc\u00ea pode ter a certeza de que s\u00f3 ser\u00e1 usado de acordo com esta declara\u00e7\u00e3o de privacidade e de acordo com a legisla\u00e7\u00e3o GDPR.<\/p><p>A Afa Plasticos Ltda pode alterar esta pol\u00edtica de tempos em tempos, atualizando esta p\u00e1gina. Voc\u00ea deve verificar esta p\u00e1gina de tempos em tempos para garantir que esteja feliz com as mudan\u00e7as. Esta pol\u00edtica \u00e9 efetiva de 1st dezembro 2018.<\/p>\t\t\t\t\t\t<\/div>\n\t\t\t\t<\/div>\n\t\t\t\t\t<\/div>\n\t\t<\/div>\n\t\t\t\t\t<\/div>\n\t\t<\/section>\n\t\t\t\t<section class=\"elementor-section elementor-inner-section elementor-element elementor-element-13d19a4 elementor-section-boxed elementor-section-height-default elementor-section-height-default\" data-id=\"13d19a4\" data-element_type=\"section\">\n\t\t\t\t\t\t<div class=\"elementor-container elementor-column-gap-default\">\n\t\t\t\t\t<div class=\"elementor-column elementor-col-100 elementor-inner-column elementor-element elementor-element-8f663b8\" data-id=\"8f663b8\" data-element_type=\"column\">\n\t\t\t<div class=\"elementor-widget-wrap elementor-element-populated\">\n\t\t\t\t\t\t<div class=\"elementor-element elementor-element-cdc904a elementor-widget elementor-widget-text-editor\" data-id=\"cdc904a\" data-element_type=\"widget\" data-widget_type=\"text-editor.default\">\n\t\t\t\t<div class=\"elementor-widget-container\">\n\t\t\t\t\t\t\t<h2>O que n\u00f3s coletamos<\/h2><p>N\u00f3s podemos coletar as seguintes informa\u00e7\u00f5es:<\/p><ul><li>Nome<\/li><li>Informa\u00e7\u00f5es de contato, incluindo o endere\u00e7o de e-mail<\/li><li>Informa\u00e7\u00f5es demogr\u00e1ficas, como c\u00f3digo postal, prefer\u00eancias e interesses<\/li><li>Outras informa\u00e7\u00f5es relevantes para pesquisas e \/ ou ofertas de clientes<\/li><\/ul><p>Pediremos sua permiss\u00e3o para entrar em contato com voc\u00ea. Se voc\u00ea nos dar permiss\u00e3o, usaremos o email para comunicar itens que achamos que podem ser de seu interesse, incluindo informa\u00e7\u00e3o sobre a ind\u00fastria educacional e a empresa, atualiza\u00e7\u00f5es e ofertas. Se voc\u00ea n\u00e3o deseja receber essas comunica\u00e7\u00f5es, voc\u00ea ter\u00e1 a oportunidade de se desinscrever, clicando no link de cancelar a inscri\u00e7\u00e3o na parte inferior de cada email.<\/p><h2>O que fazemos com a informa\u00e7\u00e3o que recolhemos<\/h2><p>Precisamos dessas informa\u00e7\u00f5es para entender suas necessidades e fornecer-lhe um melhor servi\u00e7o e, em particular, pelas seguintes raz\u00f5es:<\/p><ul><li>Manuten\u00e7\u00e3o de registro interno.<\/li><li>Podemos usar as informa\u00e7\u00f5es para melhorar nossos produtos e servi\u00e7os.<\/li><li>Podemos enviar periodicamente e-mails promocionais sobre novos produtos, ofertas especiais ou outras informa\u00e7\u00f5es que n\u00f3s pensamos que voc\u00ea pode achar interessante usando o endere\u00e7o de e-mail que voc\u00ea forneceu.<\/li><\/ul><p>De tempos em tempos, tamb\u00e9m poderemos usar suas informa\u00e7\u00f5es para contat\u00e1-lo para fins de pesquisa de mercado. Podemos entrar em contato por e-mail, telefone, fax ou correio. Podemos usar as informa\u00e7\u00f5es para personalizar o site de acordo com seus interesses.<\/p>\t\t\t\t\t\t<\/div>\n\t\t\t\t<\/div>\n\t\t\t\t\t<\/div>\n\t\t<\/div>\n\t\t\t\t\t<\/div>\n\t\t<\/section>\n\t\t\t\t<section class=\"elementor-section elementor-inner-section elementor-element elementor-element-359dcd3 elementor-section-boxed elementor-section-height-default elementor-section-height-default\" data-id=\"359dcd3\" data-element_type=\"section\">\n\t\t\t\t\t\t<div class=\"elementor-container elementor-column-gap-default\">\n\t\t\t\t\t<div class=\"elementor-column elementor-col-100 elementor-inner-column elementor-element elementor-element-bbf6ebd\" data-id=\"bbf6ebd\" data-element_type=\"column\">\n\t\t\t<div class=\"elementor-widget-wrap elementor-element-populated\">\n\t\t\t\t\t\t<div class=\"elementor-element elementor-element-8e53120 elementor-widget elementor-widget-text-editor\" data-id=\"8e53120\" data-element_type=\"widget\" data-widget_type=\"text-editor.default\">\n\t\t\t\t<div class=\"elementor-widget-container\">\n\t\t\t\t\t\t\t<h2>Security<\/h2><p>Estamos empenhados em garantir que suas informa\u00e7\u00f5es est\u00e3o seguras. A fim de evitar o acesso n\u00e3o autorizado ou divulga\u00e7\u00e3o, temos que colocar em pr\u00e1tica procedimentos f\u00edsicos, eletr\u00f4nicos e administrativos adequados para salvaguardar e proteger as informa\u00e7\u00f5es que coletamos online.<\/p><h2>Como usamos cookies<\/h2><p>Um cookie \u00e9 um pequeno arquivo de texto n\u00e3o execut\u00e1vel que \u00e9 colocado em seu computador quando voc\u00ea navega em um site. Nosso site usa dois tipos de cookies; cookies de sess\u00e3o de primeira parte que retem informa\u00e7\u00f5es durante a dura\u00e7\u00e3o da sua visita, por exemplo, se voc\u00ea estiver preenchendo mais de um formul\u00e1rio, voc\u00ea s\u00f3 precisa fornecer suas informa\u00e7\u00f5es uma vez; e os &#8220;cookies persistentes&#8221; da primeira parte que permanecem no seu computador ap\u00f3s a sua visita e nos ajudam a monitorar as partes do site que voc\u00ea visita para que possamos continuar a melhorar o nosso site de acordo com suas prefer\u00eancias. Nossos cookies n\u00e3o possuem nenhuma informa\u00e7\u00e3o pessoal ou confidencial sobre voc\u00ea. A maioria dos navegadores est\u00e1 configurada para aceitar cookies automaticamente.<\/p><p>Usamos cookies de log de tr\u00e1fego para identificar quais p\u00e1ginas est\u00e3o sendo usadas. Isso nos ajuda a analisar dados sobre o tr\u00e1fego de p\u00e1ginas da web e melhorar o nosso site, a fim de adequ\u00e1-lo \u00e0s necessidades do cliente. N\u00f3s usamos apenas esta informa\u00e7\u00e3o para fins de an\u00e1lise estat\u00edstica e, em seguida, os dados s\u00e3o removidos do sistema.<\/p><p>Em geral, os cookies ajudam-nos a fornecer-lhe um site melhor, ao nos permitir monitorizar as p\u00e1ginas que voc\u00ea achou \u00fateis e quais n\u00e3o. Um cookie de forma alguma nos d\u00e1 acesso ao seu computador ou a qualquer informa\u00e7\u00e3o sobre voc\u00ea, al\u00e9m dos dados que voc\u00ea escolher para compartilhar conosco.<\/p><p>Voc\u00ea pode optar por aceitar ou recusar cookies. A maioria dos navegadores web aceita cookies automaticamente, mas geralmente pode modificar a configura\u00e7\u00e3o do seu navegador para recusar Cookies, se preferir. Isso pode impedir voc\u00ea de aproveitar ao m\u00e1ximo o site.<\/p><h2>Links para outros sites<\/h2><p>Este site cont\u00e9m links para outros websites. A Afa Plasticos Ltda n\u00e3o \u00e9 respons\u00e1vel pelas pr\u00e1ticas de privacidade ou pelo conte\u00fado desses outros sites. Os visitantes devem verificar as declara\u00e7\u00f5es de pol\u00edtica de privacidade desses outros sites para entender suas pol\u00edticas. \u00c9 responsabilidade do usu\u00e1rio manter suas informa\u00e7\u00f5es pessoais privadas e confidenciais. Todo o dom\u00ednio (que \u00e9 o que a Afa Plasticos Ltda usa para sua pr\u00f3pria an\u00e1lise de clientes) n\u00e3o pode rastrear sua atividade de navega\u00e7\u00e3o nesses outros sites.<\/p><h2>Controlando a sua informa\u00e7\u00e3o pessoal<\/h2><p>Voc\u00ea pode optar por restringir a coleta ou uso de suas informa\u00e7\u00f5es pessoais das seguintes maneiras:<\/p><ul><li>sempre que voc\u00ea \u00e9 convidado a preencher um formul\u00e1rio no site, procure a caixa que voc\u00ea pode clicar para indicar que voc\u00ea n\u00e3o quer que seus dados sejam salvos em nossa newsletter<\/li><li>se voc\u00ea concordou em usar suas informa\u00e7\u00f5es pessoais para fins de marketing direto, voc\u00ea pode mudar de opini\u00e3o a qualquer momento, escrevendo ou enviando um e-mail para contato@afaplasticos.com.br<\/li><\/ul><p>N\u00f3s n\u00e3o iremos vender, distribuir ou alugar suas informa\u00e7\u00f5es pessoais a terceiros a menos que tenhamos a sua permiss\u00e3o ou s\u00e3o obrigados por lei a faz\u00ea-lo. N\u00f3s podemos usar suas informa\u00e7\u00f5es pessoais para lhe enviar informa\u00e7\u00e3o promocional sobre terceiros que n\u00f3s pensamos que voc\u00ea pode achar interessante se voc\u00ea nos disser que voc\u00ea deseja que isso aconte\u00e7a.<\/p><p>Voc\u00ea pode solicitar detalhes de informa\u00e7\u00f5es pessoais que mantemos sobre voc\u00ea sob a Lei de Prote\u00e7\u00e3o de Dados 1998. Se voc\u00ea quiser uma c\u00f3pia das informa\u00e7\u00f5es contidas sobre voc\u00ea, escreva para a contato@afaplasticos.com.br, solicitando.<\/p><p>Se voc\u00ea acredita que qualquer informa\u00e7\u00e3o que estamos a realizar sobre voc\u00ea est\u00e1 incorreta ou incompleta, por favor escreva ou envie-nos o mais rapidamente poss\u00edvel, no endere\u00e7o acima. Vamos corrigir prontamente qualquer informa\u00e7\u00e3o considerada incorreta.<\/p>\t\t\t\t\t\t<\/div>\n\t\t\t\t<\/div>\n\t\t\t\t\t<\/div>\n\t\t<\/div>\n\t\t\t\t\t<\/div>\n\t\t<\/section>\n\t\t\t\t<section class=\"elementor-section elementor-inner-section elementor-element elementor-element-2c5884a elementor-section-boxed elementor-section-height-default elementor-section-height-default\" data-id=\"2c5884a\" data-element_type=\"section\">\n\t\t\t\t\t\t<div class=\"elementor-container elementor-column-gap-default\">\n\t\t\t\t\t<div class=\"elementor-column elementor-col-100 elementor-inner-column elementor-element elementor-element-88fc32a\" data-id=\"88fc32a\" data-element_type=\"column\">\n\t\t\t<div class=\"elementor-widget-wrap elementor-element-populated\">\n\t\t\t\t\t\t<div class=\"elementor-element elementor-element-dae8ccf elementor-widget elementor-widget-text-editor\" data-id=\"dae8ccf\" data-element_type=\"widget\" data-widget_type=\"text-editor.default\">\n\t\t\t\t<div class=\"elementor-widget-container\">\n\t\t\t\t\t\t\t<h2>GDPR<\/h2><p>Na <strong>AFA<\/strong> , reconhecemos que a privacidade e seguran\u00e7a de seus dados s\u00e3o de suma import\u00e2ncia para voc\u00ea, e tenha certeza de que tamb\u00e9m \u00e9 para n\u00f3s. Para al\u00e9m de cumprir as leis de privacidade e protec\u00e7\u00e3o de dados nacionais e da UE, refor\u00e7\u00e1mos o nosso compromisso com o regime de protec\u00e7\u00e3o de dados da UE, investindo em instala\u00e7\u00f5es de acolhimento dentro da UE. No entanto, devido \u00e0 natureza da nossa plataforma global, os dados pessoais podem ser transmitidos e processados em instala\u00e7\u00f5es de dados localizadas fora do EEE. A AFA\u00a0 utiliza as Cl\u00e1usulas Contratuais Padr\u00e3o da Comiss\u00e3o Europ\u00e9ia (tamb\u00e9m conhecidas como \u201ccl\u00e1usulas modelo\u201d) como um m\u00e9todo legal para transferir dados pessoais para fora do EEE. Ao incorporar estas cl\u00e1usulas modelo no nosso Adendo de Processamento de Dados (\u201cDPA\u201d), tanto os controladores de dados (nossos clientes baseados na UE) como os processadores de dados est\u00e3o contratualmente obrigados a certas salvaguardas t\u00e9cnicas e organizacionais relacionadas \u00e0 privacidade e direitos fundamentais dos sujeitos de dados. Usu\u00e1rios finais dos clientes baseados na UE). Apesar da aplica\u00e7\u00e3o da lei de substitui\u00e7\u00e3o da Comiss\u00e3o Europeia para a Directiva de Prote\u00e7\u00e3o de Dados 95 \/ 46 \/ EC, o Regulamento Geral de Prote\u00e7\u00e3o de Dados (\u201cGDPR\u201d), N\u00e3o come\u00e7a at\u00e9 Pode 25, 2018, A AFA Pl\u00e1sticos j\u00e1 iniciou procedimentos internos para garantir que estamos preparados para atender \u00e0 maior privacidade requisitos do GDPR.<\/p>\t\t\t\t\t\t<\/div>\n\t\t\t\t<\/div>\n\t\t\t\t\t<\/div>\n\t\t<\/div>\n\t\t\t\t\t<\/div>\n\t\t<\/section>\n\t\t\t\t\t<\/div>\n\t\t<\/div>\n\t\t\t\t\t<\/div>\n\t\t<\/section>\n\t\t\t\t<\/div>\n\t\t","protected":false},"excerpt":{"rendered":"<p>Pol\u00edtica de Privacidade Ligue ! (11) 4221-4466 Pol\u00edtica de Privacidade &#038; GDPR Esta pol\u00edtica de privacidade estabelece como a AFA Pl\u00e1sticos usa e protege qualquer informa\u00e7\u00e3o que voc\u00ea atribua \u00e0 AFA quando voc\u00ea usa este site. A AFA Pl\u00e1sticos est\u00e1 comprometida em garantir que sua privacidade seja protegida de acordo com a recente mudan\u00e7a na [&hellip;]<\/p>\n","protected":false},"author":1,"featured_media":0,"parent":0,"menu_order":0,"comment_status":"closed","ping_status":"closed","template":"elementor_header_footer","meta":{"footnotes":""},"class_list":["post-1707","page","type-page","status-publish","hentry"],"_links":{"self":[{"href":"https:\/\/afa.com.br\/pt_br\/wp-json\/wp\/v2\/pages\/1707","targetHints":{"allow":["GET"]}}],"collection":[{"href":"https:\/\/afa.com.br\/pt_br\/wp-json\/wp\/v2\/pages"}],"about":[{"href":"https:\/\/afa.com.br\/pt_br\/wp-json\/wp\/v2\/types\/page"}],"author":[{"embeddable":true,"href":"https:\/\/afa.com.br\/pt_br\/wp-json\/wp\/v2\/users\/1"}],"replies":[{"embeddable":true,"href":"https:\/\/afa.com.br\/pt_br\/wp-json\/wp\/v2\/comments?post=1707"}],"version-history":[{"count":10,"href":"https:\/\/afa.com.br\/pt_br\/wp-json\/wp\/v2\/pages\/1707\/revisions"}],"predecessor-version":[{"id":2113,"href":"https:\/\/afa.com.br\/pt_br\/wp-json\/wp\/v2\/pages\/1707\/revisions\/2113"}],"wp:attachment":[{"href":"https:\/\/afa.com.br\/pt_br\/wp-json\/wp\/v2\/media?parent=1707"}],"curies":[{"name":"wp","href":"https:\/\/api.w.org\/{rel}","templated":true}]}}